{"id":171,"date":"2024-05-12T10:16:43","date_gmt":"2024-05-12T09:16:43","guid":{"rendered":"https:\/\/subaqua-redange.lu\/?page_id=171"},"modified":"2024-05-28T10:28:29","modified_gmt":"2024-05-28T09:28:29","slug":"breveten","status":"publish","type":"page","link":"https:\/\/subaqua-redange.lu\/?page_id=171","title":{"rendered":"Breveten"},"content":{"rendered":"\n<div class=\"wp-block-buttons is-layout-flex wp-block-buttons-is-layout-flex\">\n<div class=\"wp-block-button\"><a class=\"wp-block-button__link wp-element-button\" href=\"https:\/\/subaqua-redange.lu\/?page_id=430\">Fran\u00e7ais<\/a><\/div>\n<\/div>\n\n\n\n<figure class=\"wp-block-image size-full\"><img loading=\"lazy\" decoding=\"async\" width=\"1397\" height=\"2000\" src=\"https:\/\/subaqua-redange.lu\/wp-content\/uploads\/2024\/05\/Brevets-Internet.jpg\" alt=\"\" class=\"wp-image-314\"\/><\/figure>\n\n\n\n<h2 class=\"wp-block-heading\" style=\"font-size:24px\">Equivalenztabell t\u00ebschent de verschiddenen Federatiounen<\/h2>\n\n\n\n<figure class=\"wp-block-image size-full\"><img loading=\"lazy\" decoding=\"async\" width=\"1535\" height=\"744\" src=\"https:\/\/subaqua-redange.lu\/wp-content\/uploads\/2024\/05\/equivalenz.jpg\" alt=\"\" class=\"wp-image-317\"\/><\/figure>\n\n\n\n<h2 class=\"wp-block-heading\" style=\"font-size:24px\">Spezialisatiounen<\/h2>\n\n\n\n<p>Orient\u00e9ierung <\/p>\n\n\n\n<p>D\u00e9iftauchen<\/p>\n\n\n\n<p>Gruppef\u00e9ierung<\/p>\n\n\n\n<p>HLW O2 AED (\u00e9ischt H\u00ebllef)<\/p>\n\n\n\n<p>Nuetstauchen<\/p>\n\n\n\n<p>Dr\u00e9chentauchen<\/p>\n\n\n\n<p>Stress &amp; Rescue<\/p>\n\n\n\n<p>Nitrox Basic<\/p>\n\n\n\n<p>Nitrox Advanced, <\/p>\n\n\n\n<p>Sidemount<\/p>\n\n\n\n<p><a href=\"https:\/\/www.nasds.com\/diving\/tauchausbildung\/\">Hei <\/a>m\u00e9i Eenzelheeten iwwer Breveten an Spezialisatiounen <\/p>\n","protected":false},"excerpt":{"rendered":"<p>Equivalenztabell t\u00ebschent de verschiddenen Federatiounen Spezialisatiounen Orient\u00e9ierung D\u00e9iftauchen Gruppef\u00e9ierung HLW O2 AED (\u00e9ischt H\u00ebllef) Nuetstauchen Dr\u00e9chentauchen Stress &amp; Rescue Nitrox Basic Nitrox Advanced, Sidemount Hei m\u00e9i Eenzelheeten iwwer Breveten an Spezialisatiounen<\/p>\n","protected":false},"author":1,"featured_media":0,"parent":0,"menu_order":0,"comment_status":"closed","ping_status":"closed","template":"","meta":{"footnotes":""},"class_list":["post-171","page","type-page","status-publish","hentry"],"_links":{"self":[{"href":"https:\/\/subaqua-redange.lu\/index.php?rest_route=\/wp\/v2\/pages\/171","targetHints":{"allow":["GET"]}}],"collection":[{"href":"https:\/\/subaqua-redange.lu\/index.php?rest_route=\/wp\/v2\/pages"}],"about":[{"href":"https:\/\/subaqua-redange.lu\/index.php?rest_route=\/wp\/v2\/types\/page"}],"author":[{"embeddable":true,"href":"https:\/\/subaqua-redange.lu\/index.php?rest_route=\/wp\/v2\/users\/1"}],"replies":[{"embeddable":true,"href":"https:\/\/subaqua-redange.lu\/index.php?rest_route=%2Fwp%2Fv2%2Fcomments&post=171"}],"version-history":[{"count":11,"href":"https:\/\/subaqua-redange.lu\/index.php?rest_route=\/wp\/v2\/pages\/171\/revisions"}],"predecessor-version":[{"id":437,"href":"https:\/\/subaqua-redange.lu\/index.php?rest_route=\/wp\/v2\/pages\/171\/revisions\/437"}],"wp:attachment":[{"href":"https:\/\/subaqua-redange.lu\/index.php?rest_route=%2Fwp%2Fv2%2Fmedia&parent=171"}],"curies":[{"name":"wp","href":"https:\/\/api.w.org\/{rel}","templated":true}]}}