{"id":177,"date":"2024-05-12T10:19:23","date_gmt":"2024-05-12T09:19:23","guid":{"rendered":"https:\/\/subaqua-redange.lu\/?page_id=177"},"modified":"2025-06-30T18:19:53","modified_gmt":"2025-06-30T17:19:53","slug":"kontact-club","status":"publish","type":"page","link":"https:\/\/subaqua-redange.lu\/?page_id=177","title":{"rendered":"Kontact Club"},"content":{"rendered":"\n<h1 class=\"wp-block-heading\" style=\"font-size:18px\">HUGUES HOLEMANS, PR\u00c4SIDENT-INSTRUKTER<\/h1>\n\n\n\n<p style=\"font-size:15px\">GSM: 621 23 44 12<\/p>\n\n\n\n<h1 class=\"wp-block-heading\" style=\"font-size:18px\">ROMAIN PIERROT, VIZE PR\u00c4SIDENT-INSTRUKTER<\/h1>\n\n\n\n<p style=\"font-size:15px\">GSM: 691 387311<\/p>\n\n\n\n<h1 class=\"wp-block-heading\" style=\"font-size:18px\">SYLVIE HOLEMANS, SEKRET\u00c4RIN<\/h1>\n\n\n\n<p style=\"font-size:15px\">GSM: 661 62 18 48<\/p>\n\n\n\n<p style=\"font-size:18px\"><a href=\"https:\/\/www.facebook.com\/deepbluestau\">facebook<\/a><\/p>\n\n\n\n<p>Sub Aqua Redange sur Attert a.s.b.l.<br>23, all\u00e9e des Tilleuls L-8508 Redange\/Attert<br>RCS F6512<br>IBAN LU81 0019 2955 6494 8000<\/p>\n\n\n\n<p><\/p>\n","protected":false},"excerpt":{"rendered":"<p>HUGUES HOLEMANS, PR\u00c4SIDENT-INSTRUKTER GSM: 621 23 44 12 ROMAIN PIERROT, VIZE PR\u00c4SIDENT-INSTRUKTER GSM: 691 387311 SYLVIE HOLEMANS, SEKRET\u00c4RIN GSM: 661 62 18 48 facebook Sub Aqua Redange sur Attert a.s.b.l.23, all\u00e9e des Tilleuls L-8508 Redange\/AttertRCS F6512IBAN LU81 0019 2955 6494 8000<\/p>\n","protected":false},"author":1,"featured_media":0,"parent":0,"menu_order":0,"comment_status":"closed","ping_status":"closed","template":"","meta":{"footnotes":""},"class_list":["post-177","page","type-page","status-publish","hentry"],"_links":{"self":[{"href":"https:\/\/subaqua-redange.lu\/index.php?rest_route=\/wp\/v2\/pages\/177","targetHints":{"allow":["GET"]}}],"collection":[{"href":"https:\/\/subaqua-redange.lu\/index.php?rest_route=\/wp\/v2\/pages"}],"about":[{"href":"https:\/\/subaqua-redange.lu\/index.php?rest_route=\/wp\/v2\/types\/page"}],"author":[{"embeddable":true,"href":"https:\/\/subaqua-redange.lu\/index.php?rest_route=\/wp\/v2\/users\/1"}],"replies":[{"embeddable":true,"href":"https:\/\/subaqua-redange.lu\/index.php?rest_route=%2Fwp%2Fv2%2Fcomments&post=177"}],"version-history":[{"count":9,"href":"https:\/\/subaqua-redange.lu\/index.php?rest_route=\/wp\/v2\/pages\/177\/revisions"}],"predecessor-version":[{"id":771,"href":"https:\/\/subaqua-redange.lu\/index.php?rest_route=\/wp\/v2\/pages\/177\/revisions\/771"}],"wp:attachment":[{"href":"https:\/\/subaqua-redange.lu\/index.php?rest_route=%2Fwp%2Fv2%2Fmedia&parent=177"}],"curies":[{"name":"wp","href":"https:\/\/api.w.org\/{rel}","templated":true}]}}