{"id":18,"date":"2024-03-22T15:17:12","date_gmt":"2024-03-22T14:17:12","guid":{"rendered":"https:\/\/subaqua-redange.lu\/?page_id=18"},"modified":"2024-06-24T23:24:06","modified_gmt":"2024-06-24T22:24:06","slug":"front_page","status":"publish","type":"page","link":"https:\/\/subaqua-redange.lu\/","title":{"rendered":"Home"},"content":{"rendered":"\n<div class=\"wp-block-buttons is-layout-flex wp-block-buttons-is-layout-flex\">\n<div class=\"wp-block-button\"><a class=\"wp-block-button__link wp-element-button\" href=\"https:\/\/subaqua-redange.lu\/?page_id=403\">Fran\u00e7ais<\/a><\/div>\n<\/div>\n\n\n\n<figure class=\"wp-block-image size-full\"><img loading=\"lazy\" decoding=\"async\" width=\"2000\" height=\"2019\" src=\"https:\/\/subaqua-redange.lu\/wp-content\/uploads\/2024\/05\/logo-sara-7_4_1sit2.png\" alt=\"\" class=\"wp-image-339\"\/><\/figure>\n\n\n\n<p>Eise Club ass gegr\u00ebnnt ginn am Joer 1989.<br>Wien Freed um Waasser huet an un der \u00cbnnerwaasserwelt, deen ass bei eis gutt opgehuewen.<br>Schonn mat 12 Joer kann een den\u00a0Junior Diver maachen<\/p>\n\n\n\n<h2 class=\"wp-block-heading\" style=\"font-size:25px\">Mir sinn affili\u00e9iert un:<\/h2>\n\n\n\n<p><a href=\"http:\/\/www.nasds.com\/\">NASDS<\/a>&nbsp;(National Association of Scuba Diving Schools)<\/p>\n\n\n\n<p><a href=\"https:\/\/www.rstc-europe.org\/\" data-type=\"link\" data-id=\"https:\/\/www.rstc-europe.org\/\">RSTC <\/a>Recreational Scuba Training Council Europe<\/p>\n\n\n\n<p><a href=\"http:\/\/www.flassa.lu\/\">FLASSA<\/a>&nbsp;(F\u00e9d\u00e9ration Luxembourgeoise des Activit\u00e9s et Sports SubAquatiques)<\/p>\n\n\n\n<p><a href=\"http:\/\/www.cmas.org\/\">CMAS<\/a>&nbsp;(Conf\u00e9d\u00e9ration Mondiale des Activit\u00e9es Sub-aquatiques)<\/p>\n","protected":false},"excerpt":{"rendered":"<p>Eise Club ass gegr\u00ebnnt ginn am Joer 1989.Wien Freed um Waasser huet an un der \u00cbnnerwaasserwelt, deen ass bei eis gutt opgehuewen.Schonn mat 12 Joer kann een den\u00a0Junior Diver maachen Mir sinn affili\u00e9iert un: NASDS&nbsp;(National Association of Scuba Diving Schools) RSTC Recreational Scuba Training Council Europe FLASSA&nbsp;(F\u00e9d\u00e9ration Luxembourgeoise des Activit\u00e9s et Sports SubAquatiques) CMAS&nbsp;(Conf\u00e9d\u00e9ration Mondiale &hellip; <\/p>\n<p class=\"link-more\"><a href=\"https:\/\/subaqua-redange.lu\/\" class=\"more-link\"><span class=\"screen-reader-text\">\u201eHome\u201c<\/span> weiterlesen<\/a><\/p>\n","protected":false},"author":1,"featured_media":0,"parent":0,"menu_order":0,"comment_status":"closed","ping_status":"closed","template":"","meta":{"footnotes":""},"class_list":["post-18","page","type-page","status-publish","hentry"],"_links":{"self":[{"href":"https:\/\/subaqua-redange.lu\/index.php?rest_route=\/wp\/v2\/pages\/18","targetHints":{"allow":["GET"]}}],"collection":[{"href":"https:\/\/subaqua-redange.lu\/index.php?rest_route=\/wp\/v2\/pages"}],"about":[{"href":"https:\/\/subaqua-redange.lu\/index.php?rest_route=\/wp\/v2\/types\/page"}],"author":[{"embeddable":true,"href":"https:\/\/subaqua-redange.lu\/index.php?rest_route=\/wp\/v2\/users\/1"}],"replies":[{"embeddable":true,"href":"https:\/\/subaqua-redange.lu\/index.php?rest_route=%2Fwp%2Fv2%2Fcomments&post=18"}],"version-history":[{"count":10,"href":"https:\/\/subaqua-redange.lu\/index.php?rest_route=\/wp\/v2\/pages\/18\/revisions"}],"predecessor-version":[{"id":767,"href":"https:\/\/subaqua-redange.lu\/index.php?rest_route=\/wp\/v2\/pages\/18\/revisions\/767"}],"wp:attachment":[{"href":"https:\/\/subaqua-redange.lu\/index.php?rest_route=%2Fwp%2Fv2%2Fmedia&parent=18"}],"curies":[{"name":"wp","href":"https:\/\/api.w.org\/{rel}","templated":true}]}}