{"id":350,"date":"2024-05-23T08:03:33","date_gmt":"2024-05-23T07:03:33","guid":{"rendered":"https:\/\/subaqua-redange.lu\/?page_id=350"},"modified":"2024-06-24T19:31:38","modified_gmt":"2024-06-24T18:31:38","slug":"erennerungen","status":"publish","type":"page","link":"https:\/\/subaqua-redange.lu\/?page_id=350","title":{"rendered":"Er\u00ebnnerungen"},"content":{"rendered":"\n<p style=\"font-size:25px\">E puer Biller vun eisen Aktivit\u00e9iten<\/p>\n\n\n\n<p><a href=\"https:\/\/subaqua-redange.lu\/?page_id=186\" data-type=\"page\" data-id=\"186\">Stau<\/a><\/p>\n\n\n\n<p><a href=\"https:\/\/subaqua-redange.lu\/?page_id=670(\u00f6ffnet in neuem Tab)\">Schwemm<\/a><\/p>\n\n\n\n<p><a href=\"https:\/\/subaqua-redange.lu\/?page_id=354\" data-type=\"page\" data-id=\"354\">Dive 4Life<\/a> <\/p>\n\n\n\n<p><a href=\"https:\/\/subaqua-redange.lu\/?page_id=249\" data-type=\"page\" data-id=\"249\">Zeeland<\/a><\/p>\n\n\n\n<p><a href=\"https:\/\/subaqua-redange.lu\/?page_id=184\" data-type=\"page\" data-id=\"184\">\u00c4gypten<\/a><\/p>\n\n\n\n<p><a href=\"https:\/\/subaqua-redange.lu\/?page_id=149\" data-type=\"page\" data-id=\"149\">Todi<\/a><\/p>\n\n\n\n<p><a href=\"https:\/\/subaqua-redange.lu\/?page_id=357\" data-type=\"page\" data-id=\"357\">Gravi\u00e8re du Fort<\/a><\/p>\n\n\n\n<p><a href=\"https:\/\/subaqua-redange.lu\/?page_id=361\" data-type=\"page\" data-id=\"361\">Fosse<\/a><\/p>\n\n\n\n<p><a href=\"https:\/\/subaqua-redange.lu\/?page_id=463\">Nuit du Sport<\/a><\/p>\n\n\n\n<p><a href=\"https:\/\/subaqua-redange.lu\/?page_id=515\">Gozo<\/a><\/p>\n\n\n\n<p><a href=\"https:\/\/subaqua-redange.lu\/?page_id=722\" data-type=\"page\" data-id=\"722\">Onbekannt Italien<\/a><\/p>\n\n\n\n<p><a href=\"https:\/\/subaqua-redange.lu\/?page_id=706\">Z\u00e4ite virum Stau<\/a><\/p>\n","protected":false},"excerpt":{"rendered":"<p>E puer Biller vun eisen Aktivit\u00e9iten Stau Schwemm Dive 4Life Zeeland \u00c4gypten Todi Gravi\u00e8re du Fort Fosse Nuit du Sport Gozo Onbekannt Italien Z\u00e4ite virum Stau<\/p>\n","protected":false},"author":2,"featured_media":0,"parent":0,"menu_order":0,"comment_status":"closed","ping_status":"closed","template":"","meta":{"footnotes":""},"class_list":["post-350","page","type-page","status-publish","hentry"],"_links":{"self":[{"href":"https:\/\/subaqua-redange.lu\/index.php?rest_route=\/wp\/v2\/pages\/350","targetHints":{"allow":["GET"]}}],"collection":[{"href":"https:\/\/subaqua-redange.lu\/index.php?rest_route=\/wp\/v2\/pages"}],"about":[{"href":"https:\/\/subaqua-redange.lu\/index.php?rest_route=\/wp\/v2\/types\/page"}],"author":[{"embeddable":true,"href":"https:\/\/subaqua-redange.lu\/index.php?rest_route=\/wp\/v2\/users\/2"}],"replies":[{"embeddable":true,"href":"https:\/\/subaqua-redange.lu\/index.php?rest_route=%2Fwp%2Fv2%2Fcomments&post=350"}],"version-history":[{"count":8,"href":"https:\/\/subaqua-redange.lu\/index.php?rest_route=\/wp\/v2\/pages\/350\/revisions"}],"predecessor-version":[{"id":755,"href":"https:\/\/subaqua-redange.lu\/index.php?rest_route=\/wp\/v2\/pages\/350\/revisions\/755"}],"wp:attachment":[{"href":"https:\/\/subaqua-redange.lu\/index.php?rest_route=%2Fwp%2Fv2%2Fmedia&parent=350"}],"curies":[{"name":"wp","href":"https:\/\/api.w.org\/{rel}","templated":true}]}}