{"id":403,"date":"2024-05-28T08:19:02","date_gmt":"2024-05-28T07:19:02","guid":{"rendered":"https:\/\/subaqua-redange.lu\/?page_id=403"},"modified":"2024-05-28T08:19:02","modified_gmt":"2024-05-28T07:19:02","slug":"home-fr","status":"publish","type":"page","link":"https:\/\/subaqua-redange.lu\/?page_id=403","title":{"rendered":"Home (fr)"},"content":{"rendered":"\n<div class=\"wp-block-group is-nowrap is-layout-flex wp-container-core-group-is-layout-ad2f72ca wp-block-group-is-layout-flex\">\n<figure class=\"wp-block-image size-full\"><img loading=\"lazy\" decoding=\"async\" width=\"2000\" height=\"2019\" src=\"https:\/\/subaqua-redange.lu\/wp-content\/uploads\/2024\/05\/logo-sara-7_4_1sit2.png\" alt=\"\" class=\"wp-image-339\"\/><\/figure>\n<\/div>\n\n\n\n<p>Notre club a \u00e9t\u00e9 fond\u00e9 en 1989.<br>Tu es \u00e0 l&#8217;aise dans l&#8217;eau et le monde sous-marin d&#8217;int\u00e9resse? Alors tu es \u00e0 la bonne adresse chez nous.<br>D\u00e9j\u00e0 \u00e0 l&#8217;\u00e2ge de 12 ans, on peut faire le brevet de Junior Open Water Diver.<\/p>\n\n\n\n<h2 class=\"wp-block-heading\" style=\"font-size:25px\">Nous sommes affili\u00e9 \u00e0:<\/h2>\n\n\n\n<p><a href=\"http:\/\/www.nasds.com\/\">NASDS<\/a>&nbsp;(National Association of Scuba Diving Schools)<\/p>\n\n\n\n<p><a href=\"https:\/\/www.rstc-europe.org\/\" data-type=\"link\" data-id=\"https:\/\/www.rstc-europe.org\/\">RSTC <\/a>Recreational Scuba Training Council Europe<\/p>\n\n\n\n<p><a href=\"http:\/\/www.flassa.lu\/\">FLASSA<\/a>&nbsp;(F\u00e9d\u00e9ration Luxembourgeoise des Activit\u00e9s et Sports SubAquatiques)<\/p>\n\n\n\n<p><a href=\"http:\/\/www.cmas.org\/\">CMAS<\/a>&nbsp;(Conf\u00e9d\u00e9ration Mondiale des Activit\u00e9es Sub-aquatiques)<\/p>\n","protected":false},"excerpt":{"rendered":"<p>Notre club a \u00e9t\u00e9 fond\u00e9 en 1989.Tu es \u00e0 l&#8217;aise dans l&#8217;eau et le monde sous-marin d&#8217;int\u00e9resse? Alors tu es \u00e0 la bonne adresse chez nous.D\u00e9j\u00e0 \u00e0 l&#8217;\u00e2ge de 12 ans, on peut faire le brevet de Junior Open Water Diver. Nous sommes affili\u00e9 \u00e0: NASDS&nbsp;(National Association of Scuba Diving Schools) RSTC Recreational Scuba Training &hellip; <\/p>\n<p class=\"link-more\"><a href=\"https:\/\/subaqua-redange.lu\/?page_id=403\" class=\"more-link\"><span class=\"screen-reader-text\">\u201eHome (fr)\u201c<\/span> weiterlesen<\/a><\/p>\n","protected":false},"author":2,"featured_media":0,"parent":0,"menu_order":0,"comment_status":"closed","ping_status":"closed","template":"","meta":{"footnotes":""},"class_list":["post-403","page","type-page","status-publish","hentry"],"_links":{"self":[{"href":"https:\/\/subaqua-redange.lu\/index.php?rest_route=\/wp\/v2\/pages\/403","targetHints":{"allow":["GET"]}}],"collection":[{"href":"https:\/\/subaqua-redange.lu\/index.php?rest_route=\/wp\/v2\/pages"}],"about":[{"href":"https:\/\/subaqua-redange.lu\/index.php?rest_route=\/wp\/v2\/types\/page"}],"author":[{"embeddable":true,"href":"https:\/\/subaqua-redange.lu\/index.php?rest_route=\/wp\/v2\/users\/2"}],"replies":[{"embeddable":true,"href":"https:\/\/subaqua-redange.lu\/index.php?rest_route=%2Fwp%2Fv2%2Fcomments&post=403"}],"version-history":[{"count":2,"href":"https:\/\/subaqua-redange.lu\/index.php?rest_route=\/wp\/v2\/pages\/403\/revisions"}],"predecessor-version":[{"id":406,"href":"https:\/\/subaqua-redange.lu\/index.php?rest_route=\/wp\/v2\/pages\/403\/revisions\/406"}],"wp:attachment":[{"href":"https:\/\/subaqua-redange.lu\/index.php?rest_route=%2Fwp%2Fv2%2Fmedia&parent=403"}],"curies":[{"name":"wp","href":"https:\/\/api.w.org\/{rel}","templated":true}]}}