{"id":430,"date":"2024-05-28T10:15:06","date_gmt":"2024-05-28T09:15:06","guid":{"rendered":"https:\/\/subaqua-redange.lu\/?page_id=430"},"modified":"2024-05-28T10:27:43","modified_gmt":"2024-05-28T09:27:43","slug":"brevets","status":"publish","type":"page","link":"https:\/\/subaqua-redange.lu\/?page_id=430","title":{"rendered":"Brevets"},"content":{"rendered":"\n<figure class=\"wp-block-image size-full\"><img loading=\"lazy\" decoding=\"async\" width=\"1760\" height=\"2524\" src=\"https:\/\/subaqua-redange.lu\/wp-content\/uploads\/2024\/05\/Site-brevet-site-fr.jpg\" alt=\"\" class=\"wp-image-433\"\/><\/figure>\n\n\n\n<h2 class=\"wp-block-heading\" style=\"font-size:24px\">Table d&#8217;\u00e9quivalence des brevets entre les f\u00e9d\u00e9rations<\/h2>\n\n\n\n<figure class=\"wp-block-image size-full\"><img loading=\"lazy\" decoding=\"async\" width=\"1535\" height=\"744\" src=\"https:\/\/subaqua-redange.lu\/wp-content\/uploads\/2024\/05\/equivalenz.jpg\" alt=\"\" class=\"wp-image-317\"\/><\/figure>\n\n\n\n<h2 class=\"wp-block-heading\" style=\"font-size:24px\">Sp\u00e9cialisations<\/h2>\n\n\n\n<p>Orientzation<\/p>\n\n\n\n<p>Plong\u00e9e Profonde<\/p>\n\n\n\n<p>Conduite de groupes<\/p>\n\n\n\n<p>HLW O2 AED (premiers secours)<\/p>\n\n\n\n<p>Plong\u00e9e de Nuit<\/p>\n\n\n\n<p>Plong\u00e9e en Combinaison S\u00e8che<\/p>\n\n\n\n<p>Stress &amp; Sauvetage<\/p>\n\n\n\n<p>Nitrox Basic<\/p>\n\n\n\n<p>Nitrox Advanced, <\/p>\n\n\n\n<p>Sidemount<\/p>\n\n\n\n<p><a href=\"https:\/\/www.nasds.com\/fr\/plongee\/formations-des-plongeurs\/\">Ici <\/a>plus de d\u00e9tails sur les brevets et sp\u00e9cialisations<\/p>\n","protected":false},"excerpt":{"rendered":"<p>Table d&#8217;\u00e9quivalence des brevets entre les f\u00e9d\u00e9rations Sp\u00e9cialisations Orientzation Plong\u00e9e Profonde Conduite de groupes HLW O2 AED (premiers secours) Plong\u00e9e de Nuit Plong\u00e9e en Combinaison S\u00e8che Stress &amp; Sauvetage Nitrox Basic Nitrox Advanced, Sidemount Ici plus de d\u00e9tails sur les brevets et sp\u00e9cialisations<\/p>\n","protected":false},"author":2,"featured_media":0,"parent":0,"menu_order":0,"comment_status":"closed","ping_status":"closed","template":"","meta":{"footnotes":""},"class_list":["post-430","page","type-page","status-publish","hentry"],"_links":{"self":[{"href":"https:\/\/subaqua-redange.lu\/index.php?rest_route=\/wp\/v2\/pages\/430","targetHints":{"allow":["GET"]}}],"collection":[{"href":"https:\/\/subaqua-redange.lu\/index.php?rest_route=\/wp\/v2\/pages"}],"about":[{"href":"https:\/\/subaqua-redange.lu\/index.php?rest_route=\/wp\/v2\/types\/page"}],"author":[{"embeddable":true,"href":"https:\/\/subaqua-redange.lu\/index.php?rest_route=\/wp\/v2\/users\/2"}],"replies":[{"embeddable":true,"href":"https:\/\/subaqua-redange.lu\/index.php?rest_route=%2Fwp%2Fv2%2Fcomments&post=430"}],"version-history":[{"count":4,"href":"https:\/\/subaqua-redange.lu\/index.php?rest_route=\/wp\/v2\/pages\/430\/revisions"}],"predecessor-version":[{"id":436,"href":"https:\/\/subaqua-redange.lu\/index.php?rest_route=\/wp\/v2\/pages\/430\/revisions\/436"}],"wp:attachment":[{"href":"https:\/\/subaqua-redange.lu\/index.php?rest_route=%2Fwp%2Fv2%2Fmedia&parent=430"}],"curies":[{"name":"wp","href":"https:\/\/api.w.org\/{rel}","templated":true}]}}