{"id":90,"date":"2024-05-10T14:44:29","date_gmt":"2024-05-10T13:44:29","guid":{"rendered":"https:\/\/subaqua-redange.lu\/?page_id=90"},"modified":"2024-06-24T23:13:33","modified_gmt":"2024-06-24T22:13:33","slug":"agenda","status":"publish","type":"page","link":"https:\/\/subaqua-redange.lu\/?page_id=90","title":{"rendered":"Training"},"content":{"rendered":"\n<div class=\"wp-block-columns is-layout-flex wp-container-core-columns-is-layout-9d6595d7 wp-block-columns-is-layout-flex\">\n<div class=\"wp-block-column is-layout-flow wp-block-column-is-layout-flow\">\n<p style=\"font-size:35px\">M\u00e9indes<\/p>\n\n\n\n<p>An der Schwemm vum Campus Geessekn\u00e4ppchen<\/p>\n\n\n\n<p>Treffpunkt em 17:50 Auer an der Entr\u00e9e vun der Schwemm.<\/p>\n\n\n\n<p>Training vun 18.00 bis 19.30 Auer<\/p>\n\n\n\n<h2 class=\"wp-block-heading\" style=\"font-size:35px\">M\u00ebttwochs<\/h2>\n\n\n\n<p>An der Schwemm vum Atert Lyc\u00e9e zu R\u00e9iden\/Atert<\/p>\n\n\n\n<p>Treffpunkt em 19:50 Auer um Parking<\/p>\n\n\n\n<p>Training vun 20:00 bis 21:30 Auer<\/p>\n<\/div>\n\n\n\n<div class=\"wp-block-column is-layout-flow wp-block-column-is-layout-flow\">\n<p style=\"font-size:35px\">Lundi<\/p>\n\n\n\n<p>A la piscine Campus Geessekn\u00e4ppchen \u00e0 Luxembourg Ville<\/p>\n\n\n\n<p>Rencontre \u00e0 17:50 heures dans le hall d&#8217;entr\u00e9e piscine.<\/p>\n\n\n\n<p>Entra\u00eenement de 18.00 \u00e0 19.30 heures<\/p>\n\n\n\n<h2 class=\"wp-block-heading\" style=\"font-size:35px\">Mercredi<\/h2>\n\n\n\n<p>A la piscine du Lyc\u00e9e Atert \u00e0 R\u00e9dange-sur-Attert<br><br>Rencontre \u00e0 19:50 sur le parking<\/p>\n\n\n\n<p>Entra\u00eenement de  20:00  \u00e0 21:30 heures<\/p>\n<\/div>\n<\/div>\n","protected":false},"excerpt":{"rendered":"<p>M\u00e9indes An der Schwemm vum Campus Geessekn\u00e4ppchen Treffpunkt em 17:50 Auer an der Entr\u00e9e vun der Schwemm. Training vun 18.00 bis 19.30 Auer M\u00ebttwochs An der Schwemm vum Atert Lyc\u00e9e zu R\u00e9iden\/Atert Treffpunkt em 19:50 Auer um Parking Training vun 20:00 bis 21:30 Auer Lundi A la piscine Campus Geessekn\u00e4ppchen \u00e0 Luxembourg Ville Rencontre \u00e0 &hellip; <\/p>\n<p class=\"link-more\"><a href=\"https:\/\/subaqua-redange.lu\/?page_id=90\" class=\"more-link\"><span class=\"screen-reader-text\">\u201eTraining\u201c<\/span> weiterlesen<\/a><\/p>\n","protected":false},"author":1,"featured_media":306,"parent":0,"menu_order":0,"comment_status":"closed","ping_status":"closed","template":"","meta":{"footnotes":""},"class_list":["post-90","page","type-page","status-publish","has-post-thumbnail","hentry"],"_links":{"self":[{"href":"https:\/\/subaqua-redange.lu\/index.php?rest_route=\/wp\/v2\/pages\/90","targetHints":{"allow":["GET"]}}],"collection":[{"href":"https:\/\/subaqua-redange.lu\/index.php?rest_route=\/wp\/v2\/pages"}],"about":[{"href":"https:\/\/subaqua-redange.lu\/index.php?rest_route=\/wp\/v2\/types\/page"}],"author":[{"embeddable":true,"href":"https:\/\/subaqua-redange.lu\/index.php?rest_route=\/wp\/v2\/users\/1"}],"replies":[{"embeddable":true,"href":"https:\/\/subaqua-redange.lu\/index.php?rest_route=%2Fwp%2Fv2%2Fcomments&post=90"}],"version-history":[{"count":22,"href":"https:\/\/subaqua-redange.lu\/index.php?rest_route=\/wp\/v2\/pages\/90\/revisions"}],"predecessor-version":[{"id":764,"href":"https:\/\/subaqua-redange.lu\/index.php?rest_route=\/wp\/v2\/pages\/90\/revisions\/764"}],"wp:featuredmedia":[{"embeddable":true,"href":"https:\/\/subaqua-redange.lu\/index.php?rest_route=\/wp\/v2\/media\/306"}],"wp:attachment":[{"href":"https:\/\/subaqua-redange.lu\/index.php?rest_route=%2Fwp%2Fv2%2Fmedia&parent=90"}],"curies":[{"name":"wp","href":"https:\/\/api.w.org\/{rel}","templated":true}]}}